{"id":5921,"date":"2025-05-30T09:50:18","date_gmt":"2025-05-30T08:50:18","guid":{"rendered":"https:\/\/ortopediahobetuz.com\/?page_id=5921"},"modified":"2025-06-05T11:21:56","modified_gmt":"2025-06-05T10:21:56","slug":"lege-oharra","status":"publish","type":"page","link":"https:\/\/ortopediahobetuz.com\/eu\/lege-oharra\/","title":{"rendered":"Lege oharra"},"content":{"rendered":"<div>Lege oharra<\/div>\n<div>\n<p>Jon Garate Alberdi S.L., como responsable de ficheros de los que es propietaria, se compromete a respetar la confidencialidad de la informaci\u00f3n de car\u00e1cter personal\u00a0 de sus clientes, proveedores, colaboradores y empleados, guardando en todo momento el deber de secreto profesional.<\/p>\n<p>Jon Garate Alberdi S.L. le informa que se encuentra adaptada a la Ley Org\u00e1nica 15\/1.999, de Protecci\u00f3n de Datos de Car\u00e1cter Personal, y el Real Decreto 1720\/2007 por el que se aprueba el Reglamento de desarrollo de la L.O.P.D., que sus ficheros con datos personales han sido debidamente inscritos en la Agencia Espa\u00f1ola de Protecci\u00f3n de Datos y que cumple con el resto de las obligaciones establecidas en la normativa sobre protecci\u00f3n de datos para garantizar la confidencialidad y seguridad de la informaci\u00f3n de que dispone.<\/p>\n<p>La recogida y tratamiento de los datos personales tiene como finalidad la gesti\u00f3n comercial de nuestros clientes, (el env\u00edo de comunicaciones sobre promociones, actividades\u2026).<\/p>\n<p>Los datos personales proporcionados en ning\u00fan caso ser\u00e1n cedidos a terceros salvo previo consentimiento de los interesados.<\/p>\n<\/div>\n<div>Pol\u00edtica de Cookies<\/div>\n<div>\n<p>Una Cookie es un fichero que se descarga en su ordenador al acceder a determinadas p\u00e1ginas web. Las cookies permiten a una p\u00e1gina web, entre otras cosas, almacenar y recuperar informaci\u00f3n sobre los h\u00e1bitos de navegaci\u00f3n de un usuario o de su equipo y, dependiendo de la informaci\u00f3n que contenga y de la forma en que utilice su equipo, pueden utilizarse para reconocer al usuario.<\/p>\n<p>Las cookies son esenciales para el funcionamiento de internet, aportando innumerables ventajas en la prestaci\u00f3n de servicios interactivos, facilit\u00e1ndole la navegaci\u00f3n y usabilidad de nuestra web.<\/p>\n<\/div>\n<div>\n<h5>\u00bfQu\u00e9 tipos de cookies hay?<\/h5>\n<p>Tipos de cookies seg\u00fan la entidad que gestione el equipo o dominio desde donde se env\u00edan las cookies y trate los datos que se obtengan, podemos distinguir:<\/p>\n<ul>\n<li><strong>Cookies de terceros<\/strong>: Son aquellas que son recabadas y gestionadas por un tercero, estas no se pueden considerar propias.<\/li>\n<li><strong>Cookies propias<\/strong>: Son aquellas que se recaban por el propio editor para prestar el servicio solicitado por el usuario.<\/li>\n<\/ul>\n<p>Seg\u00fan lo dispuesto en el art\u00edculo 22.2 de la Ley 34\/2002, de 11 de julio, de Servicios de la Sociedad de la Informaci\u00f3n y de Comercio Electr\u00f3nico (LSSI-CE),<\/p>\n<p><main class=\"template-page content  av-content-full alpha units\" role=\"main\" itemprop=\"mainContentOfPage\"><\/p>\n<article class=\"post-entry post-entry-type-page post-entry-3555\" itemscope=\"itemscope\" itemtype=\"https:\/\/schema.org\/CreativeWork\">\n<div class=\"entry-content-wrapper clearfix\">\n<header class=\"entry-content-header\"><\/header>\n<div class=\"entry-content\" itemprop=\"text\">\n<p>Jon Garate Alberdi y otro,c.b., informa de las cookies utilizadas en nuestra website:<\/p>\n<p><strong>1. Cookies de terceros, <\/strong><\/p>\n<p><strong>Google Analytics<\/strong>: _ga , _gat\u00a0 , _gid<\/p>\n<p>Almacena cookies para poder elaborar estad\u00edsticas sobre el tr\u00e1fico y volumen de visitas de esta web. Al utilizar este sitio web est\u00e1 consintiendo el tratamiento de informaci\u00f3n acerca de usted por Google\u00a0(nos llegar\u00e1n datos como su IP, su geolocalizaci\u00f3n, fecha de acceso a la web, as\u00ed como las p\u00e1ginas visitadas en la web). Por tanto, el ejercicio de cualquier derecho en este sentido deber\u00e1 hacerlo comunicando directamente con Google.<br \/>Las cookies de Google Analytics, se almacenan en servidores ubicados en Estados Unidos y se compromete a no compartirla con terceros, excepto en los casos en los que sea necesario para el funcionamiento del sistema o cuando la ley obligue a tal efecto. Google Inc. es una compa\u00f1\u00eda adherida a \u201cPrivacy Shiels\u201d (escudo de privacidad) que garantiza que todos los datos transferidos ser\u00e1n tratados con un nivel de protecci\u00f3n acorde a la normativa europea. Puede consultar informaci\u00f3n detallada a este respecto a trav\u00e9s del siguiente enlace:\u00a0<a href=\"https:\/\/policies.google.com\/privacy\/frameworks?hl=es\" target=\"_blank\" rel=\"noopener noreferrer\">https:\/\/policies.google.com\/privacy\/frameworks?hl=es<\/a><br \/>Si lo desea puede utilizar el Complemento de inhabilitaci\u00f3n para navegadores de Google Analytics a trav\u00e9s de cuyas instrucciones pueden rechazarse las cookies anal\u00edticas de dicho servicio en todos los navegadores. Puede consultar m\u00e1s informaci\u00f3n al respecto en el siguiente enlace:\u00a0<a href=\"https:\/\/tools.google.com\/dlpage\/gaoptout\" target=\"_blank\" rel=\"noopener noreferrer\">https:\/\/tools.google.com\/dlpage\/gaoptout<\/a><\/p>\n<p><strong>2. Cookies propias, imprescindibles y las estrictamente necesarias<\/strong>: PHPSESSID, <span>wp-wpml_current_language, wordpress_test_cookie<br \/><\/span><\/p>\n<p>Se usan para saber en qu\u00e9 idioma debemos mostrar la web, para saber si ya aceptaste nuestras pol\u00edticas y para guardar las variables de Sesi\u00f3n<\/p>\n<ul>\n<li><span>wordpress_test_cookie: Esta cookie se usa para que el gestor de contenidos WordPress compruebe si el navegador tiene las cookies activadas<br \/><\/span><\/li>\n<li><span>wp-wpml_current_language<\/span>: para almacenar el idioma con el que se navega<\/li>\n<li>PHPSESSID: gesti\u00f3n de sesi\u00f3n en PHP<\/li>\n<\/ul>\n<p>Asimismo, on Garate Alberdi y otro,c.b., informa al usuario de que tiene la posibilidad de configurar su navegador de modo que se le informe de la recepci\u00f3n de cookies, pudiendo, si as\u00ed lo desea, impedir que sean instaladas en su disco duro.<\/p>\n<p>A continuaci\u00f3n le proporcionamos los enlaces de diversos navegadores, a trav\u00e9s de los cuales podr\u00e1 realizar dicha configuraci\u00f3n:<\/p>\n<ul>\n<li>Firefox: <a href=\"https:\/\/support.mozilla.org\/es\/kb\/habilitar-y-deshabilitar-cookies-sitios-web-rastrear-preferencias\" target=\"_blank\" rel=\"noopener\">https:\/\/support.mozilla.org\/es\/kb\/habilitar-y-deshabilitar-cookies-sitios-web-rastrear-preferencias<\/a><\/li>\n<li>Chrome: <a href=\"https:\/\/support.google.com\/chrome\/answer\/95647?hl=es\" target=\"_blank\" rel=\"noopener\">https:\/\/support.google.com\/chrome\/answer\/95647?hl=es<\/a><\/li>\n<li>Explorer: <a href=\"https:\/\/support.microsoft.com\/es-es\/windows\/eliminar-y-administrar-cookies-168dab11-0753-043d-7c16-ede5947fc64d\" target=\"_blank\" rel=\"noopener\">https:\/\/support.microsoft.com\/es-es\/windows\/eliminar-y-administrar-cookies<\/a><\/li>\n<li>Safari: <a href=\"https:\/\/support.apple.com\/es-es\/guide\/safari\/sfri11471\/mac\" target=\"_blank\" rel=\"noopener\">https:\/\/support.apple.com\/es-es\/guide\/safari\/sfri11471\/mac<\/a><\/li>\n<li>Opera: <a href=\"https:\/\/help.opera.com\/en\/latest\/web-preferences\/#cookies\" target=\"_blank\" rel=\"noopener\">https:\/\/help.opera.com\/en\/latest\/web-preferences\/#cookies<\/a><\/li>\n<\/ul>\n<\/div>\n<\/div>\n<\/article>\n<p><\/main><\/div>\n<p><!--more--><br \/>\n<!-- {\"type\":\"layout\",\"children\":[{\"type\":\"section\",\"props\":{\"image_position\":\"center-center\",\"style\":\"default\",\"title_breakpoint\":\"xl\",\"title_position\":\"top-left\",\"title_rotation\":\"left\",\"vertical_align\":\"middle\",\"width\":\"default\"},\"children\":[{\"type\":\"row\",\"children\":[{\"type\":\"column\",\"props\":{\"image_position\":\"center-center\",\"position_sticky_breakpoint\":\"m\"},\"children\":[{\"type\":\"headline\",\"props\":{\"content\":\"Lege oharra\",\"title_element\":\"div\",\"title_style\":\"h1\"}},{\"type\":\"text\",\"props\":{\"column_breakpoint\":\"m\",\"content\":\"\n\n<p>Jon Garate Alberdi S.L., como responsable de ficheros de los que es propietaria, se compromete a respetar la confidencialidad de la informaci\\u00f3n de car\\u00e1cter personal\\u00a0 de sus clientes, proveedores, colaboradores y empleados, guardando en todo momento el deber de secreto profesional.<\\\/p>\\n\n\n<p>Jon Garate Alberdi S.L. le informa que se encuentra adaptada a la Ley Org\\u00e1nica 15\\\/1.999, de Protecci\\u00f3n de Datos de Car\\u00e1cter Personal, y el Real Decreto 1720\\\/2007 por el que se aprueba el Reglamento de desarrollo de la L.O.P.D., que sus ficheros con datos personales han sido debidamente inscritos en la Agencia Espa\\u00f1ola de Protecci\\u00f3n de Datos y que cumple con el resto de las obligaciones establecidas en la normativa sobre protecci\\u00f3n de datos para garantizar la confidencialidad y seguridad de la informaci\\u00f3n de que dispone.<\\\/p>\\n\n\n<p>La recogida y tratamiento de los datos personales tiene como finalidad la gesti\\u00f3n comercial de nuestros clientes, (el env\\u00edo de comunicaciones sobre promociones, actividades\\u2026).<\\\/p>\\n\n\n<p>Los datos personales proporcionados en ning\\u00fan caso ser\\u00e1n cedidos a terceros salvo previo consentimiento de los interesados.<\\\/p>\",\"margin\":\"default\"}}]}]}]},{\"type\":\"section\",\"props\":{\"id\":\"cookiak\",\"image_position\":\"center-center\",\"padding\":\"small\",\"style\":\"default\",\"title_breakpoint\":\"xl\",\"title_position\":\"top-left\",\"title_rotation\":\"left\",\"vertical_align\":\"middle\",\"width\":\"default\"},\"children\":[{\"type\":\"row\",\"children\":[{\"type\":\"column\",\"props\":{\"image_position\":\"center-center\",\"position_sticky_breakpoint\":\"m\"},\"children\":[{\"type\":\"headline\",\"props\":{\"content\":\"Pol\\u00edtica de Cookies\",\"title_element\":\"div\",\"title_style\":\"h1\"}},{\"type\":\"text\",\"props\":{\"column_breakpoint\":\"m\",\"content\":\"\n\n<p>Una Cookie es un fichero que se descarga en su ordenador al acceder a determinadas p\\u00e1ginas web. Las cookies permiten a una p\\u00e1gina web, entre otras cosas, almacenar y recuperar informaci\\u00f3n sobre los h\\u00e1bitos de navegaci\\u00f3n de un usuario o de su equipo y, dependiendo de la informaci\\u00f3n que contenga y de la forma en que utilice su equipo, pueden utilizarse para reconocer al usuario.<\\\/p>\\n\n\n<p>Las cookies son esenciales para el funcionamiento de internet, aportando innumerables ventajas en la prestaci\\u00f3n de servicios interactivos, facilit\\u00e1ndole la navegaci\\u00f3n y usabilidad de nuestra web.<\\\/p>\",\"margin\":\"default\"}},{\"type\":\"text\",\"props\":{\"column_breakpoint\":\"m\",\"content\":\"\n\n<h5>\\u00bfQu\\u00e9 tipos de cookies hay?<\\\/h5>\\n\n\n<p>Tipos de cookies seg\\u00fan la entidad que gestione el equipo o dominio desde donde se env\\u00edan las cookies y trate los datos que se obtengan, podemos distinguir:<\\\/p>\\n\n\n<ul>\\n\n\n<li><strong>Cookies de terceros<\\\/strong>: Son aquellas que son recabadas y gestionadas por un tercero, estas no se pueden considerar propias.<\\\/li>\\n\n\n<li><strong>Cookies propias<\\\/strong>: Son aquellas que se recaban por el propio editor para prestar el servicio solicitado por el usuario.<\\\/li>\\n<\\\/ul>\\n\n\n<p>Seg\\u00fan lo dispuesto en el art\\u00edculo 22.2 de la Ley 34\\\/2002, de 11 de julio, de Servicios de la Sociedad de la Informaci\\u00f3n y de Comercio Electr\\u00f3nico (LSSI-CE),<\\\/p>\\n<main class=\\\"template-page content  av-content-full alpha units\\\" role=\\\"main\\\" itemprop=\\\"mainContentOfPage\\\">\\n\n\n<article class=\\\"post-entry post-entry-type-page post-entry-3555\\\" itemscope=\\\"itemscope\\\" itemtype=\\\"https:\\\/\\\/schema.org\\\/CreativeWork\\\">\\n\n\n<div class=\\\"entry-content-wrapper clearfix\\\">\n\n<header class=\\\"entry-content-header\\\"><\\\/header>\\n\n\n<div class=\\\"entry-content\\\" itemprop=\\\"text\\\">\\n\n\n<p>Jon Garate Alberdi y otro,c.b., informa de las cookies utilizadas en nuestra website:<\\\/p>\\n\n\n<p><strong>1. Cookies de terceros, <\\\/strong><\\\/p>\\n\n\n<p><strong>Google Analytics<\\\/strong>: _ga , _gat\\u00a0 , _gid<\\\/p>\\n\n\n<p>Almacena cookies para poder elaborar estad\\u00edsticas sobre el tr\\u00e1fico y volumen de visitas de esta web. Al utilizar este sitio web est\\u00e1 consintiendo el tratamiento de informaci\\u00f3n acerca de usted por Google\\u00a0(nos llegar\\u00e1n datos como su IP, su geolocalizaci\\u00f3n, fecha de acceso a la web, as\\u00ed como las p\\u00e1ginas visitadas en la web). Por tanto, el ejercicio de cualquier derecho en este sentido deber\\u00e1 hacerlo comunicando directamente con Google.<br \\\/>Las cookies de Google Analytics, se almacenan en servidores ubicados en Estados Unidos y se compromete a no compartirla con terceros, excepto en los casos en los que sea necesario para el funcionamiento del sistema o cuando la ley obligue a tal efecto. Google Inc. es una compa\\u00f1\\u00eda adherida a \\u201cPrivacy Shiels\\u201d (escudo de privacidad) que garantiza que todos los datos transferidos ser\\u00e1n tratados con un nivel de protecci\\u00f3n acorde a la normativa europea. Puede consultar informaci\\u00f3n detallada a este respecto a trav\\u00e9s del siguiente enlace:\\u00a0<a href=\\\"https:\\\/\\\/policies.google.com\\\/privacy\\\/frameworks?hl=es\\\" target=\\\"_blank\\\" rel=\\\"noopener noreferrer\\\">https:\\\/\\\/policies.google.com\\\/privacy\\\/frameworks?hl=es<\\\/a><br \\\/>Si lo desea puede utilizar el Complemento de inhabilitaci\\u00f3n para navegadores de Google Analytics a trav\\u00e9s de cuyas instrucciones pueden rechazarse las cookies anal\\u00edticas de dicho servicio en todos los navegadores. Puede consultar m\\u00e1s informaci\\u00f3n al respecto en el siguiente enlace:\\u00a0<a href=\\\"https:\\\/\\\/tools.google.com\\\/dlpage\\\/gaoptout\\\" target=\\\"_blank\\\" rel=\\\"noopener noreferrer\\\">https:\\\/\\\/tools.google.com\\\/dlpage\\\/gaoptout<\\\/a><\\\/p>\\n\n\n<p><strong>2. Cookies propias, imprescindibles y las estrictamente necesarias<\\\/strong>: PHPSESSID, <span>wp-wpml_current_language, wordpress_test_cookie<br \\\/><\\\/span><\\\/p>\\n\n\n<p>Se usan para saber en qu\\u00e9 idioma debemos mostrar la web, para saber si ya aceptaste nuestras pol\\u00edticas y para guardar las variables de Sesi\\u00f3n<\\\/p>\\n\n\n<ul>\\n\n\n<li><span>wordpress_test_cookie: Esta cookie se usa para que el gestor de contenidos WordPress compruebe si el navegador tiene las cookies activadas<br \\\/><\\\/span><\\\/li>\\n\n\n<li><span>wp-wpml_current_language<\\\/span>: para almacenar el idioma con el que se navega<\\\/li>\\n\n\n<li>PHPSESSID: gesti\\u00f3n de sesi\\u00f3n en PHP<\\\/li>\\n<\\\/ul>\\n\n\n<p>Asimismo, on Garate Alberdi y otro,c.b., informa al usuario de que tiene la posibilidad de configurar su navegador de modo que se le informe de la recepci\\u00f3n de cookies, pudiendo, si as\\u00ed lo desea, impedir que sean instaladas en su disco duro.<\\\/p>\\n\n\n<p>A continuaci\\u00f3n le proporcionamos los enlaces de diversos navegadores, a trav\\u00e9s de los cuales podr\\u00e1 realizar dicha configuraci\\u00f3n:<\\\/p>\\n\n\n<ul>\\n\n\n<li>Firefox: <a href=\\\"https:\\\/\\\/support.mozilla.org\\\/es\\\/kb\\\/habilitar-y-deshabilitar-cookies-sitios-web-rastrear-preferencias\\\" target=\\\"_blank\\\" rel=\\\"noopener\\\">https:\\\/\\\/support.mozilla.org\\\/es\\\/kb\\\/habilitar-y-deshabilitar-cookies-sitios-web-rastrear-preferencias<\\\/a><\\\/li>\\n\n\n<li>Chrome: <a href=\\\"https:\\\/\\\/support.google.com\\\/chrome\\\/answer\\\/95647?hl=es\\\" target=\\\"_blank\\\" rel=\\\"noopener\\\">https:\\\/\\\/support.google.com\\\/chrome\\\/answer\\\/95647?hl=es<\\\/a><\\\/li>\\n\n\n<li>Explorer: <a href=\\\"https:\\\/\\\/support.microsoft.com\\\/es-es\\\/windows\\\/eliminar-y-administrar-cookies-168dab11-0753-043d-7c16-ede5947fc64d\\\" target=\\\"_blank\\\" rel=\\\"noopener\\\">https:\\\/\\\/support.microsoft.com\\\/es-es\\\/windows\\\/eliminar-y-administrar-cookies<\\\/a><\\\/li>\\n\n\n<li>Safari: <a href=\\\"https:\\\/\\\/support.apple.com\\\/es-es\\\/guide\\\/safari\\\/sfri11471\\\/mac\\\" target=\\\"_blank\\\" rel=\\\"noopener\\\">https:\\\/\\\/support.apple.com\\\/es-es\\\/guide\\\/safari\\\/sfri11471\\\/mac<\\\/a><\\\/li>\\n\n\n<li>Opera: <a href=\\\"https:\\\/\\\/help.opera.com\\\/en\\\/latest\\\/web-preferences\\\/#cookies\\\" target=\\\"_blank\\\" rel=\\\"noopener\\\">https:\\\/\\\/help.opera.com\\\/en\\\/latest\\\/web-preferences\\\/#cookies<\\\/a><\\\/li>\\n<\\\/ul>\\n<\\\/div>\\n<\\\/div>\\n<\\\/article>\\n<\\\/main>\",\"margin\":\"default\"}}]}]}],\"name\":\"Cookies\"}],\"version\":\"4.5.11\"} --><\/p>\n","protected":false},"excerpt":{"rendered":"<p>Lege oharra Jon Garate Alberdi S.L., como responsable de ficheros de los que es propietaria, se compromete a respetar la confidencialidad de la informaci\u00f3n de car\u00e1cter personal\u00a0 de sus clientes, proveedores, colaboradores y empleados, guardando en todo momento el deber de secreto profesional. Jon Garate Alberdi S.L. le informa que se encuentra adaptada a la [&hellip;]<\/p>\n","protected":false},"author":1,"featured_media":0,"parent":0,"menu_order":0,"comment_status":"closed","ping_status":"closed","template":"","meta":{"_acf_changed":false,"_joinchat":[],"footnotes":""},"class_list":["post-5921","page","type-page","status-publish","hentry"],"acf":[],"yoast_head":"<!-- This site is optimized with the Yoast SEO plugin v27.1.1 - https:\/\/yoast.com\/product\/yoast-seo-wordpress\/ -->\n<title>Web orriari buruzko Lege oharra | Ortopedia Hobetuz, Gipuzkoa<\/title>\n<meta name=\"description\" content=\"Hemen ageri den informazioa Ortopedia Hobetuz-en web orriari dagokio.\" \/>\n<meta name=\"robots\" content=\"noindex, follow\" \/>\n<meta property=\"og:locale\" content=\"eu_ES\" \/>\n<meta property=\"og:type\" content=\"article\" \/>\n<meta property=\"og:title\" content=\"Web orriari buruzko Lege oharra | Ortopedia Hobetuz, Gipuzkoa\" \/>\n<meta property=\"og:description\" content=\"Hemen ageri den informazioa Ortopedia Hobetuz-en web orriari dagokio.\" \/>\n<meta property=\"og:url\" content=\"https:\/\/ortopediahobetuz.com\/eu\/lege-oharra\/\" \/>\n<meta property=\"og:site_name\" content=\"Ortopedia Hobetuz\" \/>\n<meta property=\"article:publisher\" content=\"https:\/\/www.facebook.com\/ortopediahobetuz\" \/>\n<meta property=\"article:modified_time\" content=\"2025-06-05T10:21:56+00:00\" \/>\n<meta property=\"og:image\" content=\"https:\/\/ortopediahobetuz.com\/wp-content\/uploads\/hobetuz.jpg\" \/>\n\t<meta property=\"og:image:width\" content=\"1200\" \/>\n\t<meta property=\"og:image:height\" content=\"675\" \/>\n\t<meta property=\"og:image:type\" content=\"image\/jpeg\" \/>\n<meta name=\"twitter:card\" content=\"summary_large_image\" \/>\n<script type=\"application\/ld+json\" class=\"yoast-schema-graph\">{\"@context\":\"https:\/\/schema.org\",\"@graph\":[{\"@type\":\"WebPage\",\"@id\":\"https:\/\/ortopediahobetuz.com\/eu\/lege-oharra\/\",\"url\":\"https:\/\/ortopediahobetuz.com\/eu\/lege-oharra\/\",\"name\":\"Web orriari buruzko Lege oharra | Ortopedia Hobetuz, Gipuzkoa\",\"isPartOf\":{\"@id\":\"https:\/\/ortopediahobetuz.com\/eu\/#website\"},\"datePublished\":\"2025-05-30T08:50:18+00:00\",\"dateModified\":\"2025-06-05T10:21:56+00:00\",\"description\":\"Hemen ageri den informazioa Ortopedia Hobetuz-en web orriari dagokio.\",\"breadcrumb\":{\"@id\":\"https:\/\/ortopediahobetuz.com\/eu\/lege-oharra\/#breadcrumb\"},\"inLanguage\":\"eu-ES\",\"potentialAction\":[{\"@type\":\"ReadAction\",\"target\":[\"https:\/\/ortopediahobetuz.com\/eu\/lege-oharra\/\"]}]},{\"@type\":\"BreadcrumbList\",\"@id\":\"https:\/\/ortopediahobetuz.com\/eu\/lege-oharra\/#breadcrumb\",\"itemListElement\":[{\"@type\":\"ListItem\",\"position\":1,\"name\":\"Portada\",\"item\":\"https:\/\/ortopediahobetuz.com\/eu\/\"},{\"@type\":\"ListItem\",\"position\":2,\"name\":\"Lege oharra\"}]},{\"@type\":\"WebSite\",\"@id\":\"https:\/\/ortopediahobetuz.com\/eu\/#website\",\"url\":\"https:\/\/ortopediahobetuz.com\/eu\/\",\"name\":\"Ortopedia Hobetuz\",\"description\":\"Ortopedia Hobetuz en Gipuzkoa\",\"publisher\":{\"@id\":\"https:\/\/ortopediahobetuz.com\/eu\/#organization\"},\"potentialAction\":[{\"@type\":\"SearchAction\",\"target\":{\"@type\":\"EntryPoint\",\"urlTemplate\":\"https:\/\/ortopediahobetuz.com\/eu\/?s={search_term_string}\"},\"query-input\":{\"@type\":\"PropertyValueSpecification\",\"valueRequired\":true,\"valueName\":\"search_term_string\"}}],\"inLanguage\":\"eu-ES\"},{\"@type\":\"Organization\",\"@id\":\"https:\/\/ortopediahobetuz.com\/eu\/#organization\",\"name\":\"Ortopedia Hobetuz\",\"url\":\"https:\/\/ortopediahobetuz.com\/eu\/\",\"logo\":{\"@type\":\"ImageObject\",\"inLanguage\":\"eu-ES\",\"@id\":\"https:\/\/ortopediahobetuz.com\/eu\/#\/schema\/logo\/image\/\",\"url\":\"https:\/\/ortopediahobetuz.com\/wp-content\/uploads\/2025\/02\/hobetuz-ortopedia-logo.jpg\",\"contentUrl\":\"https:\/\/ortopediahobetuz.com\/wp-content\/uploads\/2025\/02\/hobetuz-ortopedia-logo.jpg\",\"width\":300,\"height\":88,\"caption\":\"Ortopedia Hobetuz\"},\"image\":{\"@id\":\"https:\/\/ortopediahobetuz.com\/eu\/#\/schema\/logo\/image\/\"},\"sameAs\":[\"https:\/\/www.facebook.com\/ortopediahobetuz\",\"https:\/\/www.instagram.com\/hobetuzortopedia\/\"]}]}<\/script>\n<!-- \/ Yoast SEO plugin. -->","yoast_head_json":{"title":"Web orriari buruzko Lege oharra | Ortopedia Hobetuz, Gipuzkoa","description":"Hemen ageri den informazioa Ortopedia Hobetuz-en web orriari dagokio.","robots":{"index":"noindex","follow":"follow"},"og_locale":"eu_ES","og_type":"article","og_title":"Web orriari buruzko Lege oharra | Ortopedia Hobetuz, Gipuzkoa","og_description":"Hemen ageri den informazioa Ortopedia Hobetuz-en web orriari dagokio.","og_url":"https:\/\/ortopediahobetuz.com\/eu\/lege-oharra\/","og_site_name":"Ortopedia Hobetuz","article_publisher":"https:\/\/www.facebook.com\/ortopediahobetuz","article_modified_time":"2025-06-05T10:21:56+00:00","og_image":[{"width":1200,"height":675,"url":"https:\/\/ortopediahobetuz.com\/wp-content\/uploads\/hobetuz.jpg","type":"image\/jpeg"}],"twitter_card":"summary_large_image","schema":{"@context":"https:\/\/schema.org","@graph":[{"@type":"WebPage","@id":"https:\/\/ortopediahobetuz.com\/eu\/lege-oharra\/","url":"https:\/\/ortopediahobetuz.com\/eu\/lege-oharra\/","name":"Web orriari buruzko Lege oharra | Ortopedia Hobetuz, Gipuzkoa","isPartOf":{"@id":"https:\/\/ortopediahobetuz.com\/eu\/#website"},"datePublished":"2025-05-30T08:50:18+00:00","dateModified":"2025-06-05T10:21:56+00:00","description":"Hemen ageri den informazioa Ortopedia Hobetuz-en web orriari dagokio.","breadcrumb":{"@id":"https:\/\/ortopediahobetuz.com\/eu\/lege-oharra\/#breadcrumb"},"inLanguage":"eu-ES","potentialAction":[{"@type":"ReadAction","target":["https:\/\/ortopediahobetuz.com\/eu\/lege-oharra\/"]}]},{"@type":"BreadcrumbList","@id":"https:\/\/ortopediahobetuz.com\/eu\/lege-oharra\/#breadcrumb","itemListElement":[{"@type":"ListItem","position":1,"name":"Portada","item":"https:\/\/ortopediahobetuz.com\/eu\/"},{"@type":"ListItem","position":2,"name":"Lege oharra"}]},{"@type":"WebSite","@id":"https:\/\/ortopediahobetuz.com\/eu\/#website","url":"https:\/\/ortopediahobetuz.com\/eu\/","name":"Ortopedia Hobetuz","description":"Ortopedia Hobetuz en Gipuzkoa","publisher":{"@id":"https:\/\/ortopediahobetuz.com\/eu\/#organization"},"potentialAction":[{"@type":"SearchAction","target":{"@type":"EntryPoint","urlTemplate":"https:\/\/ortopediahobetuz.com\/eu\/?s={search_term_string}"},"query-input":{"@type":"PropertyValueSpecification","valueRequired":true,"valueName":"search_term_string"}}],"inLanguage":"eu-ES"},{"@type":"Organization","@id":"https:\/\/ortopediahobetuz.com\/eu\/#organization","name":"Ortopedia Hobetuz","url":"https:\/\/ortopediahobetuz.com\/eu\/","logo":{"@type":"ImageObject","inLanguage":"eu-ES","@id":"https:\/\/ortopediahobetuz.com\/eu\/#\/schema\/logo\/image\/","url":"https:\/\/ortopediahobetuz.com\/wp-content\/uploads\/2025\/02\/hobetuz-ortopedia-logo.jpg","contentUrl":"https:\/\/ortopediahobetuz.com\/wp-content\/uploads\/2025\/02\/hobetuz-ortopedia-logo.jpg","width":300,"height":88,"caption":"Ortopedia Hobetuz"},"image":{"@id":"https:\/\/ortopediahobetuz.com\/eu\/#\/schema\/logo\/image\/"},"sameAs":["https:\/\/www.facebook.com\/ortopediahobetuz","https:\/\/www.instagram.com\/hobetuzortopedia\/"]}]}},"_links":{"self":[{"href":"https:\/\/ortopediahobetuz.com\/eu\/wp-json\/wp\/v2\/pages\/5921","targetHints":{"allow":["GET"]}}],"collection":[{"href":"https:\/\/ortopediahobetuz.com\/eu\/wp-json\/wp\/v2\/pages"}],"about":[{"href":"https:\/\/ortopediahobetuz.com\/eu\/wp-json\/wp\/v2\/types\/page"}],"author":[{"embeddable":true,"href":"https:\/\/ortopediahobetuz.com\/eu\/wp-json\/wp\/v2\/users\/1"}],"replies":[{"embeddable":true,"href":"https:\/\/ortopediahobetuz.com\/eu\/wp-json\/wp\/v2\/comments?post=5921"}],"version-history":[{"count":8,"href":"https:\/\/ortopediahobetuz.com\/eu\/wp-json\/wp\/v2\/pages\/5921\/revisions"}],"predecessor-version":[{"id":5947,"href":"https:\/\/ortopediahobetuz.com\/eu\/wp-json\/wp\/v2\/pages\/5921\/revisions\/5947"}],"wp:attachment":[{"href":"https:\/\/ortopediahobetuz.com\/eu\/wp-json\/wp\/v2\/media?parent=5921"}],"curies":[{"name":"wp","href":"https:\/\/api.w.org\/{rel}","templated":true}]}}